{"id":13933,"date":"2023-05-28T08:19:30","date_gmt":"2023-05-28T08:19:30","guid":{"rendered":"https:\/\/feel-it-services.com\/temoignages\/"},"modified":"2024-05-14T13:33:55","modified_gmt":"2024-05-14T13:33:55","slug":"temoignages","status":"publish","type":"page","link":"https:\/\/staging.feel-it-services.com\/fr\/temoignages\/","title":{"rendered":"T\u00e9moignages"},"content":{"rendered":"\t\t<div data-elementor-type=\"wp-page\" data-elementor-id=\"13933\" class=\"elementor elementor-13933 elementor-7574\" data-elementor-post-type=\"page\">\n\t\t\t\t\t\t<section class=\"elementor-section elementor-top-section elementor-element elementor-element-0c0333c ot-traditional elementor-section-boxed elementor-section-height-default elementor-section-height-default\" data-id=\"0c0333c\" data-element_type=\"section\" data-e-type=\"section\">\n\t\t\t\t\t\t<div class=\"elementor-container elementor-column-gap-default\">\n\t\t\t\t\t<div class=\"elementor-column elementor-col-100 elementor-top-column elementor-element elementor-element-71401c4 ot-flex-column-vertical\" data-id=\"71401c4\" data-element_type=\"column\" data-e-type=\"column\">\n\t\t\t<div class=\"elementor-widget-wrap elementor-element-populated\">\n\t\t\t\t\t\t<section class=\"elementor-section elementor-inner-section elementor-element elementor-element-83c67aa ot-traditional elementor-section-boxed elementor-section-height-default elementor-section-height-default\" data-id=\"83c67aa\" data-element_type=\"section\" data-e-type=\"section\" data-settings=\"{&quot;background_background&quot;:&quot;classic&quot;}\">\n\t\t\t\t\t\t<div class=\"elementor-container elementor-column-gap-default\">\n\t\t\t\t\t<div class=\"elementor-column elementor-col-100 elementor-inner-column elementor-element elementor-element-e2d14cb ot-flex-column-vertical\" data-id=\"e2d14cb\" data-element_type=\"column\" data-e-type=\"column\">\n\t\t\t<div class=\"elementor-widget-wrap elementor-element-populated\">\n\t\t\t\t\t\t<div class=\"elementor-element elementor-element-1b2576b elementor-widget elementor-widget-testimonial\" data-id=\"1b2576b\" data-element_type=\"widget\" data-e-type=\"widget\" data-widget_type=\"testimonial.default\">\n\t\t\t\t<div class=\"elementor-widget-container\">\n\t\t\t\t\t\t\t<div class=\"elementor-testimonial-wrapper\">\n\t\t\t\t\t\t\t<div class=\"elementor-testimonial-content\"><p>Depuis 2013, notre entreprise a l'immense privil\u00e8ge de collaborer avec Feel IT pour g\u00e9rer tous nos besoins informatiques. Leur expertise in\u00e9gal\u00e9e et leurs conseils judicieux sont pour nous un avantage inestimable, fournis de mani\u00e8re constante gr\u00e2ce \u00e0 la d\u00e9signation d'un chef de projet d\u00e9di\u00e9 \u00e0 notre cause.<\/p>\n<p>Chez Feel IT, ils ne se contentent pas d'identifier les probl\u00e8mes ; ils proposent activement des solutions et s'engagent \u00e0 les mettre en \u0153uvre avec une rapidit\u00e9 et une efficacit\u00e9 impressionnantes. Leur r\u00e9activit\u00e9 en toutes circonstances est un gage de tranquillit\u00e9 d'esprit pour nous.<\/p>\n<p>Feel IT a v\u00e9ritablement cr\u00e9\u00e9 une \u00e9quipe sur mesure pour notre projet de d\u00e9veloppement. Initialement ax\u00e9e sur .NET, notre plateforme a \u00e9volu\u00e9 vers un environnement AWS plus r\u00e9cent, et Feel IT a su s'adapter en cons\u00e9quence. L'\u00e9quipe d\u00e9di\u00e9e se compose de d\u00e9veloppeurs back-end et front-end, d'ing\u00e9nieurs DevOps et syst\u00e8mes, de testeurs, de chefs de projet, de designers et d'une assistance de premier niveau, qui est en mesure d'escalader les probl\u00e8mes vers l'\u00e9quipe de d\u00e9veloppement si n\u00e9cessaire.<\/p>\n<p><p>Un autre avantage ind\u00e9niable de Feel IT est leur capacit\u00e9 \u00e0 communiquer efficacement en fran\u00e7ais et en anglais, ce qui a grandement facilit\u00e9 nos interactions.<\/p>\n<p>En r\u00e9sum\u00e9, Feel IT n'est pas simplement notre fournisseur de services informatiques - ils sont un partenaire cl\u00e9 dans notre parcours de croissance et de succ\u00e8s. Leur engagement \u00e0 offrir un service exceptionnel est clairement d\u00e9montr\u00e9 par leur investissement dans notre projet et leur volont\u00e9 d'aller toujours plus loin pour r\u00e9pondre \u00e0 nos besoins.<\/p>\n<\/div>\n\t\t\t\n\t\t\t\t\t\t<div class=\"elementor-testimonial-meta elementor-has-image elementor-testimonial-image-position-aside\">\n\t\t\t\t<div class=\"elementor-testimonial-meta-inner\">\n\t\t\t\t\t\t\t\t\t\t\t<div class=\"elementor-testimonial-image\">\n\t\t\t\t\t\t\t<img decoding=\"async\" src=\"https:\/\/staging.feel-it-services.com\/wp-content\/plugins\/elementor\/assets\/images\/placeholder.png\" title=\"\" alt=\"\" loading=\"lazy\" \/>\t\t\t\t\t\t<\/div>\n\t\t\t\t\t\n\t\t\t\t\t\t\t\t\t\t<div class=\"elementor-testimonial-details\">\n\t\t\t\t\t\t\t\t\t\t\t\t\t\t<div class=\"elementor-testimonial-name\">PDG<\/div>\n\t\t\t\t\t\t\t\t\t\t\t\t\t\t\t\t\t\t\t\t\t\t<div class=\"elementor-testimonial-job\">  Soci\u00e9t\u00e9 de signalisation num\u00e9rique<\/div>\n\t\t\t\t\t\t\t\t\t\t\t\t\t<\/div>\n\t\t\t\t\t\t\t\t\t<\/div>\n\t\t\t<\/div>\n\t\t\t\t\t<\/div>\n\t\t\t\t\t\t<\/div>\n\t\t\t\t<\/div>\n\t\t\t\t\t<\/div>\n\t\t<\/div>\n\t\t\t\t\t<\/div>\n\t\t<\/section>\n\t\t\t\t\t<\/div>\n\t\t<\/div>\n\t\t\t\t\t<\/div>\n\t\t<\/section>\n\t\t\t\t<section class=\"elementor-section elementor-top-section elementor-element elementor-element-7c64d94 elementor-section-content-middle testimonials ot-traditional elementor-section-boxed elementor-section-height-default elementor-section-height-default\" data-id=\"7c64d94\" data-element_type=\"section\" data-e-type=\"section\">\n\t\t\t\t\t\t<div class=\"elementor-container elementor-column-gap-wider\">\n\t\t\t\t\t<div class=\"elementor-column elementor-col-50 elementor-top-column elementor-element elementor-element-2e01996 ot-flex-column-vertical\" data-id=\"2e01996\" data-element_type=\"column\" data-e-type=\"column\">\n\t\t\t<div class=\"elementor-widget-wrap elementor-element-populated\">\n\t\t\t\t\t\t<div class=\"elementor-element elementor-element-7117e9d elementor-widget elementor-widget-testimonial\" data-id=\"7117e9d\" data-element_type=\"widget\" data-e-type=\"widget\" data-widget_type=\"testimonial.default\">\n\t\t\t\t<div class=\"elementor-widget-container\">\n\t\t\t\t\t\t\t<div class=\"elementor-testimonial-wrapper\">\n\t\t\t\t\t\t\t<div class=\"elementor-testimonial-content\"><p>J'ai d\u00e9couvert une \u00e9quipe d'informaticiens tr\u00e8s fiable, r\u00e9active et efficace qui fournit non seulement des d\u00e9veloppements de qualit\u00e9 pour nos sites web, mais aussi des recommandations bas\u00e9es sur nos demandes. Ce n'est pas seulement un service que feel-IT fournit, mais vous construisez \u00e9galement une relation de confiance !<\/p>\n<\/div>\n\t\t\t\n\t\t\t\t\t\t<div class=\"elementor-testimonial-meta elementor-has-image elementor-testimonial-image-position-aside\">\n\t\t\t\t<div class=\"elementor-testimonial-meta-inner\">\n\t\t\t\t\t\t\t\t\t\t\t<div class=\"elementor-testimonial-image\">\n\t\t\t\t\t\t\t<img fetchpriority=\"high\" decoding=\"async\" width=\"725\" height=\"536\" src=\"https:\/\/staging.feel-it-services.com\/wp-content\/uploads\/2023\/05\/museum.jpg\" class=\"attachment-full size-full wp-image-7580\" alt=\"\" srcset=\"https:\/\/staging.feel-it-services.com\/wp-content\/uploads\/2023\/05\/museum.jpg 725w, https:\/\/staging.feel-it-services.com\/wp-content\/uploads\/2023\/05\/museum-300x222.jpg 300w, https:\/\/staging.feel-it-services.com\/wp-content\/uploads\/2023\/05\/museum-720x532.jpg 720w\" sizes=\"(max-width: 725px) 100vw, 725px\" \/>\t\t\t\t\t\t<\/div>\n\t\t\t\t\t\n\t\t\t\t\t\t\t\t\t\t<div class=\"elementor-testimonial-details\">\n\t\t\t\t\t\t\t\t\t\t\t\t\t\t<div class=\"elementor-testimonial-name\">Benjamin Benita<\/div>\n\t\t\t\t\t\t\t\t\t\t\t\t\t\t\t\t\t\t\t\t\t\t<div class=\"elementor-testimonial-job\">  Semaine des mus\u00e9es en France<\/div>\n\t\t\t\t\t\t\t\t\t\t\t\t\t<\/div>\n\t\t\t\t\t\t\t\t\t<\/div>\n\t\t\t<\/div>\n\t\t\t\t\t<\/div>\n\t\t\t\t\t\t<\/div>\n\t\t\t\t<\/div>\n\t\t\t\t\t<\/div>\n\t\t<\/div>\n\t\t\t\t<div class=\"elementor-column elementor-col-50 elementor-top-column elementor-element elementor-element-521cfe9 ot-flex-column-vertical\" data-id=\"521cfe9\" data-element_type=\"column\" data-e-type=\"column\">\n\t\t\t<div class=\"elementor-widget-wrap elementor-element-populated\">\n\t\t\t\t\t\t<div class=\"elementor-element elementor-element-e7a3a60 img-obj-fit-contain elementor-widget elementor-widget-testimonial\" data-id=\"e7a3a60\" data-element_type=\"widget\" data-e-type=\"widget\" data-widget_type=\"testimonial.default\">\n\t\t\t\t<div class=\"elementor-widget-container\">\n\t\t\t\t\t\t\t<div class=\"elementor-testimonial-wrapper\">\n\t\t\t\t\t\t\t<div class=\"elementor-testimonial-content\"><p>Feel IT est d'une grande aide pour notre entreprise, ils fournissent d'excellents d\u00e9veloppeurs informatiques et des ressources humaines d\u00e9vou\u00e9es, leurs processus, leur supervision et l'attention qu'ils portent \u00e0 mon projet sont vraiment \u00e9lev\u00e9s. D'une mani\u00e8re g\u00e9n\u00e9rale, je suis tr\u00e8s satisfait des services fournis par Feel IT. Bien s\u00fbr, \u00e0 100%, je recommanderais Feel IT \u00e0 un ami ou \u00e0 un collaborateur.<\/p>\n<\/div>\n\t\t\t\n\t\t\t\t\t\t<div class=\"elementor-testimonial-meta elementor-has-image elementor-testimonial-image-position-aside\">\n\t\t\t\t<div class=\"elementor-testimonial-meta-inner\">\n\t\t\t\t\t\t\t\t\t\t\t<div class=\"elementor-testimonial-image\">\n\t\t\t\t\t\t\t<img decoding=\"async\" width=\"454\" height=\"116\" src=\"https:\/\/staging.feel-it-services.com\/wp-content\/uploads\/2023\/05\/travelyo.png\" class=\"attachment-full size-full wp-image-6948\" alt=\"\" srcset=\"https:\/\/staging.feel-it-services.com\/wp-content\/uploads\/2023\/05\/travelyo.png 454w, https:\/\/staging.feel-it-services.com\/wp-content\/uploads\/2023\/05\/travelyo-300x77.png 300w\" sizes=\"(max-width: 454px) 100vw, 454px\" \/>\t\t\t\t\t\t<\/div>\n\t\t\t\t\t\n\t\t\t\t\t\t\t\t\t\t<div class=\"elementor-testimonial-details\">\n\t\t\t\t\t\t\t\t\t\t\t\t\t\t<div class=\"elementor-testimonial-name\">Maor Bolokan<\/div>\n\t\t\t\t\t\t\t\t\t\t\t\t\t\t\t\t\t\t\t\t\t\t<div class=\"elementor-testimonial-job\">Elyotech LTD<\/div>\n\t\t\t\t\t\t\t\t\t\t\t\t\t<\/div>\n\t\t\t\t\t\t\t\t\t<\/div>\n\t\t\t<\/div>\n\t\t\t\t\t<\/div>\n\t\t\t\t\t\t<\/div>\n\t\t\t\t<\/div>\n\t\t\t\t\t<\/div>\n\t\t<\/div>\n\t\t\t\t\t<\/div>\n\t\t<\/section>\n\t\t\t\t<section class=\"elementor-section elementor-top-section elementor-element elementor-element-5219b84 ot-traditional elementor-section-boxed elementor-section-height-default elementor-section-height-default\" data-id=\"5219b84\" data-element_type=\"section\" data-e-type=\"section\">\n\t\t\t\t\t\t<div class=\"elementor-container elementor-column-gap-wider\">\n\t\t\t\t\t<div class=\"elementor-column elementor-col-50 elementor-top-column elementor-element elementor-element-19d500a ot-flex-column-vertical\" data-id=\"19d500a\" data-element_type=\"column\" data-e-type=\"column\">\n\t\t\t<div class=\"elementor-widget-wrap elementor-element-populated\">\n\t\t\t\t\t\t<div class=\"elementor-element elementor-element-a2cbe67 img-obj-fit-contain elementor-widget elementor-widget-testimonial\" data-id=\"a2cbe67\" data-element_type=\"widget\" data-e-type=\"widget\" data-widget_type=\"testimonial.default\">\n\t\t\t\t<div class=\"elementor-widget-container\">\n\t\t\t\t\t\t\t<div class=\"elementor-testimonial-wrapper\">\n\t\t\t\t\t\t\t<div class=\"elementor-testimonial-content\"><p>  Feel IT a \u00e9t\u00e9 un atout suppl\u00e9mentaire dans l'\u00e9volution de notre entreprise. Ils ont toujours fait preuve d'une grande capacit\u00e9 \u00e0 fournir des r\u00e9sultats de haute qualit\u00e9 face \u00e0 des d\u00e9fis technologiques importants. Nous recommandons vivement Feel IT \u00e0 toute entreprise d\u00e9sireuse de trouver des partenaires techniques hautement professionnels, \u00e0 la fois loyaux et sympathiques, et pr\u00eats \u00e0 aller plus loin !<\/p>\n<\/div>\n\t\t\t\n\t\t\t\t\t\t<div class=\"elementor-testimonial-meta elementor-has-image elementor-testimonial-image-position-aside\">\n\t\t\t\t<div class=\"elementor-testimonial-meta-inner\">\n\t\t\t\t\t\t\t\t\t\t\t<div class=\"elementor-testimonial-image\">\n\t\t\t\t\t\t\t<img decoding=\"async\" width=\"100\" height=\"50\" src=\"https:\/\/staging.feel-it-services.com\/wp-content\/uploads\/2023\/06\/intervyo-res.png\" class=\"attachment-full size-full wp-image-8889\" alt=\"intervyo\" \/>\t\t\t\t\t\t<\/div>\n\t\t\t\t\t\n\t\t\t\t\t\t\t\t\t\t<div class=\"elementor-testimonial-details\">\n\t\t\t\t\t\t\t\t\t\t\t\t\t\t<div class=\"elementor-testimonial-name\">Micha\u00ebl Benchetrit<\/div>\n\t\t\t\t\t\t\t\t\t\t\t\t\t\t\t\t\t\t\t\t\t\t<div class=\"elementor-testimonial-job\">Intervyo Isra\u00ebl<\/div>\n\t\t\t\t\t\t\t\t\t\t\t\t\t<\/div>\n\t\t\t\t\t\t\t\t\t<\/div>\n\t\t\t<\/div>\n\t\t\t\t\t<\/div>\n\t\t\t\t\t\t<\/div>\n\t\t\t\t<\/div>\n\t\t\t\t\t<\/div>\n\t\t<\/div>\n\t\t\t\t<div class=\"elementor-column elementor-col-50 elementor-top-column elementor-element elementor-element-dc99acd ot-flex-column-vertical\" data-id=\"dc99acd\" data-element_type=\"column\" data-e-type=\"column\">\n\t\t\t<div class=\"elementor-widget-wrap elementor-element-populated\">\n\t\t\t\t\t\t<div class=\"elementor-element elementor-element-3bffe66 img-obj-fit-contain elementor-widget elementor-widget-testimonial\" data-id=\"3bffe66\" data-element_type=\"widget\" data-e-type=\"widget\" data-widget_type=\"testimonial.default\">\n\t\t\t\t<div class=\"elementor-widget-container\">\n\t\t\t\t\t\t\t<div class=\"elementor-testimonial-wrapper\">\n\t\t\t\t\t\t\t<div class=\"elementor-testimonial-content\"><p>Feel-It Services est notre partenaire depuis plusieurs ann\u00e9es maintenant. Ce que nous appr\u00e9cions le plus est leur extraordinaire r\u00e9activit\u00e9 et leurs connaissances tant au niveau d\u00e9veloppement que de la maintenance. Nous avons eu quelques \u00e9pisodes urgents \u00e0 g\u00e9rer, que ce soit tardivement dans la journ\u00e9e, durant le weekend ou les vacances : il a toujours quelqu'un qui nous a r\u00e9pondu et nous a aid\u00e9 ! Le fait d'\u00eatre bas\u00e9 en Roumanie leur permet de nous offrir des tarifs int\u00e9ressants sans en amoindrir les performances. De vrais partenaires !<\/p>\n<\/div>\n\t\t\t\n\t\t\t\t\t\t<div class=\"elementor-testimonial-meta elementor-has-image elementor-testimonial-image-position-aside\">\n\t\t\t\t<div class=\"elementor-testimonial-meta-inner\">\n\t\t\t\t\t\t\t\t\t\t\t<div class=\"elementor-testimonial-image\">\n\t\t\t\t\t\t\t<img loading=\"lazy\" decoding=\"async\" width=\"810\" height=\"190\" src=\"https:\/\/staging.feel-it-services.com\/wp-content\/uploads\/2023\/05\/best-restaurants.jpg\" class=\"attachment-full size-full wp-image-7587\" alt=\"\" srcset=\"https:\/\/staging.feel-it-services.com\/wp-content\/uploads\/2023\/05\/best-restaurants.jpg 810w, https:\/\/staging.feel-it-services.com\/wp-content\/uploads\/2023\/05\/best-restaurants-300x70.jpg 300w, https:\/\/staging.feel-it-services.com\/wp-content\/uploads\/2023\/05\/best-restaurants-768x180.jpg 768w, https:\/\/staging.feel-it-services.com\/wp-content\/uploads\/2023\/05\/best-restaurants-720x169.jpg 720w\" sizes=\"(max-width: 810px) 100vw, 810px\" \/>\t\t\t\t\t\t<\/div>\n\t\t\t\t\t\n\t\t\t\t\t\t\t\t\t\t<div class=\"elementor-testimonial-details\">\n\t\t\t\t\t\t\t\t\t\t\t\t\t\t<div class=\"elementor-testimonial-name\">Virginie Brault<\/div>\n\t\t\t\t\t\t\t\t\t\t\t\t\t\t\t\t\t\t\t\t\t\t<div class=\"elementor-testimonial-job\">Meilleurs restaurants \u00e0 Paris<\/div>\n\t\t\t\t\t\t\t\t\t\t\t\t\t<\/div>\n\t\t\t\t\t\t\t\t\t<\/div>\n\t\t\t<\/div>\n\t\t\t\t\t<\/div>\n\t\t\t\t\t\t<\/div>\n\t\t\t\t<\/div>\n\t\t\t\t\t<\/div>\n\t\t<\/div>\n\t\t\t\t\t<\/div>\n\t\t<\/section>\n\t\t\t\t<\/div>\n\t\t","protected":false},"excerpt":{"rendered":"<p>Depuis 2013, notre entreprise a l&rsquo;immense privil\u00e8ge de collaborer avec Feel IT pour g\u00e9rer tous nos besoins informatiques. Leur expertise in\u00e9gal\u00e9e et leurs conseils judicieux sont pour nous un avantage inestimable, fournis de mani\u00e8re constante gr\u00e2ce \u00e0 la d\u00e9signation d&rsquo;un chef de projet d\u00e9di\u00e9 \u00e0 notre cause. Chez Feel IT, ils ne se contentent pas [&hellip;]<\/p>\n","protected":false},"author":4,"featured_media":0,"parent":0,"menu_order":0,"comment_status":"closed","ping_status":"closed","template":"","meta":{"footnotes":""},"class_list":["post-13933","page","type-page","status-publish","hentry"],"yoast_head":"<!-- This site is optimized with the Yoast SEO plugin v27.3 - https:\/\/yoast.com\/product\/yoast-seo-wordpress\/ -->\n<title>T\u00e9moignages - Feel-IT services<\/title>\n<meta name=\"robots\" content=\"noindex, nofollow\" \/>\n<meta property=\"og:locale\" content=\"fr_FR\" \/>\n<meta property=\"og:type\" content=\"article\" \/>\n<meta property=\"og:title\" content=\"T\u00e9moignages - Feel-IT services\" \/>\n<meta property=\"og:description\" content=\"Depuis 2013, notre entreprise a l&rsquo;immense privil\u00e8ge de collaborer avec Feel IT pour g\u00e9rer tous nos besoins informatiques. Leur expertise in\u00e9gal\u00e9e et leurs conseils judicieux sont pour nous un avantage inestimable, fournis de mani\u00e8re constante gr\u00e2ce \u00e0 la d\u00e9signation d&rsquo;un chef de projet d\u00e9di\u00e9 \u00e0 notre cause. Chez Feel IT, ils ne se contentent pas [&hellip;]\" \/>\n<meta property=\"og:url\" content=\"https:\/\/staging.feel-it-services.com\/fr\/temoignages\/\" \/>\n<meta property=\"og:site_name\" content=\"Feel-IT services\" \/>\n<meta property=\"article:publisher\" content=\"https:\/\/www.facebook.com\/FeelITServices\/\" \/>\n<meta property=\"article:modified_time\" content=\"2024-05-14T13:33:55+00:00\" \/>\n<meta property=\"og:image\" content=\"https:\/\/staging.feel-it-services.com\/wp-content\/plugins\/elementor\/assets\/images\/placeholder.png\" \/>\n<meta name=\"twitter:card\" content=\"summary_large_image\" \/>\n<meta name=\"twitter:site\" content=\"@FeelITServices\" \/>\n<meta name=\"twitter:label1\" content=\"Dur\u00e9e de lecture estim\u00e9e\" \/>\n\t<meta name=\"twitter:data1\" content=\"4 minutes\" \/>\n<script type=\"application\/ld+json\" class=\"yoast-schema-graph\">{\"@context\":\"https:\\\/\\\/schema.org\",\"@graph\":[{\"@type\":\"WebPage\",\"@id\":\"https:\\\/\\\/staging.feel-it-services.com\\\/fr\\\/temoignages\\\/\",\"url\":\"https:\\\/\\\/staging.feel-it-services.com\\\/fr\\\/temoignages\\\/\",\"name\":\"T\u00e9moignages - Feel-IT services\",\"isPartOf\":{\"@id\":\"https:\\\/\\\/staging.feel-it-services.com\\\/fr\\\/#website\"},\"primaryImageOfPage\":{\"@id\":\"https:\\\/\\\/staging.feel-it-services.com\\\/fr\\\/temoignages\\\/#primaryimage\"},\"image\":{\"@id\":\"https:\\\/\\\/staging.feel-it-services.com\\\/fr\\\/temoignages\\\/#primaryimage\"},\"thumbnailUrl\":\"https:\\\/\\\/staging.feel-it-services.com\\\/wp-content\\\/plugins\\\/elementor\\\/assets\\\/images\\\/placeholder.png\",\"datePublished\":\"2023-05-28T08:19:30+00:00\",\"dateModified\":\"2024-05-14T13:33:55+00:00\",\"breadcrumb\":{\"@id\":\"https:\\\/\\\/staging.feel-it-services.com\\\/fr\\\/temoignages\\\/#breadcrumb\"},\"inLanguage\":\"fr-FR\",\"potentialAction\":[{\"@type\":\"ReadAction\",\"target\":[\"https:\\\/\\\/staging.feel-it-services.com\\\/fr\\\/temoignages\\\/\"]}]},{\"@type\":\"ImageObject\",\"inLanguage\":\"fr-FR\",\"@id\":\"https:\\\/\\\/staging.feel-it-services.com\\\/fr\\\/temoignages\\\/#primaryimage\",\"url\":\"https:\\\/\\\/staging.feel-it-services.com\\\/wp-content\\\/plugins\\\/elementor\\\/assets\\\/images\\\/placeholder.png\",\"contentUrl\":\"https:\\\/\\\/staging.feel-it-services.com\\\/wp-content\\\/plugins\\\/elementor\\\/assets\\\/images\\\/placeholder.png\"},{\"@type\":\"BreadcrumbList\",\"@id\":\"https:\\\/\\\/staging.feel-it-services.com\\\/fr\\\/temoignages\\\/#breadcrumb\",\"itemListElement\":[{\"@type\":\"ListItem\",\"position\":1,\"name\":\"Accueil\",\"item\":\"https:\\\/\\\/staging.feel-it-services.com\\\/fr\\\/accueil\\\/\"},{\"@type\":\"ListItem\",\"position\":2,\"name\":\"T\u00e9moignages\"}]},{\"@type\":\"WebSite\",\"@id\":\"https:\\\/\\\/staging.feel-it-services.com\\\/fr\\\/#website\",\"url\":\"https:\\\/\\\/staging.feel-it-services.com\\\/fr\\\/\",\"name\":\"Feel-IT services\",\"description\":\"IT services you need\",\"publisher\":{\"@id\":\"https:\\\/\\\/staging.feel-it-services.com\\\/fr\\\/#organization\"},\"potentialAction\":[{\"@type\":\"SearchAction\",\"target\":{\"@type\":\"EntryPoint\",\"urlTemplate\":\"https:\\\/\\\/staging.feel-it-services.com\\\/fr\\\/?s={search_term_string}\"},\"query-input\":{\"@type\":\"PropertyValueSpecification\",\"valueRequired\":true,\"valueName\":\"search_term_string\"}}],\"inLanguage\":\"fr-FR\"},{\"@type\":\"Organization\",\"@id\":\"https:\\\/\\\/staging.feel-it-services.com\\\/fr\\\/#organization\",\"name\":\"Feel-IT services\",\"url\":\"https:\\\/\\\/staging.feel-it-services.com\\\/fr\\\/\",\"logo\":{\"@type\":\"ImageObject\",\"inLanguage\":\"fr-FR\",\"@id\":\"https:\\\/\\\/staging.feel-it-services.com\\\/fr\\\/#\\\/schema\\\/logo\\\/image\\\/\",\"url\":\"https:\\\/\\\/staging.feel-it-services.com\\\/wp-content\\\/uploads\\\/2023\\\/04\\\/logo.png\",\"contentUrl\":\"https:\\\/\\\/staging.feel-it-services.com\\\/wp-content\\\/uploads\\\/2023\\\/04\\\/logo.png\",\"width\":300,\"height\":121,\"caption\":\"Feel-IT services\"},\"image\":{\"@id\":\"https:\\\/\\\/staging.feel-it-services.com\\\/fr\\\/#\\\/schema\\\/logo\\\/image\\\/\"},\"sameAs\":[\"https:\\\/\\\/www.facebook.com\\\/FeelITServices\\\/\",\"https:\\\/\\\/x.com\\\/FeelITServices\",\"https:\\\/\\\/www.linkedin.com\\\/company\\\/feel-it-services\\\/\",\"https:\\\/\\\/www.instagram.com\\\/feel_it_services\\\/\"]}]}<\/script>\n<!-- \/ Yoast SEO plugin. -->","yoast_head_json":{"title":"T\u00e9moignages - Feel-IT services","robots":{"index":"noindex","follow":"nofollow"},"og_locale":"fr_FR","og_type":"article","og_title":"T\u00e9moignages - Feel-IT services","og_description":"Depuis 2013, notre entreprise a l&rsquo;immense privil\u00e8ge de collaborer avec Feel IT pour g\u00e9rer tous nos besoins informatiques. Leur expertise in\u00e9gal\u00e9e et leurs conseils judicieux sont pour nous un avantage inestimable, fournis de mani\u00e8re constante gr\u00e2ce \u00e0 la d\u00e9signation d&rsquo;un chef de projet d\u00e9di\u00e9 \u00e0 notre cause. Chez Feel IT, ils ne se contentent pas [&hellip;]","og_url":"https:\/\/staging.feel-it-services.com\/fr\/temoignages\/","og_site_name":"Feel-IT services","article_publisher":"https:\/\/www.facebook.com\/FeelITServices\/","article_modified_time":"2024-05-14T13:33:55+00:00","og_image":[{"url":"https:\/\/staging.feel-it-services.com\/wp-content\/plugins\/elementor\/assets\/images\/placeholder.png","type":"","width":"","height":""}],"twitter_card":"summary_large_image","twitter_site":"@FeelITServices","twitter_misc":{"Dur\u00e9e de lecture estim\u00e9e":"4 minutes"},"schema":{"@context":"https:\/\/schema.org","@graph":[{"@type":"WebPage","@id":"https:\/\/staging.feel-it-services.com\/fr\/temoignages\/","url":"https:\/\/staging.feel-it-services.com\/fr\/temoignages\/","name":"T\u00e9moignages - Feel-IT services","isPartOf":{"@id":"https:\/\/staging.feel-it-services.com\/fr\/#website"},"primaryImageOfPage":{"@id":"https:\/\/staging.feel-it-services.com\/fr\/temoignages\/#primaryimage"},"image":{"@id":"https:\/\/staging.feel-it-services.com\/fr\/temoignages\/#primaryimage"},"thumbnailUrl":"https:\/\/staging.feel-it-services.com\/wp-content\/plugins\/elementor\/assets\/images\/placeholder.png","datePublished":"2023-05-28T08:19:30+00:00","dateModified":"2024-05-14T13:33:55+00:00","breadcrumb":{"@id":"https:\/\/staging.feel-it-services.com\/fr\/temoignages\/#breadcrumb"},"inLanguage":"fr-FR","potentialAction":[{"@type":"ReadAction","target":["https:\/\/staging.feel-it-services.com\/fr\/temoignages\/"]}]},{"@type":"ImageObject","inLanguage":"fr-FR","@id":"https:\/\/staging.feel-it-services.com\/fr\/temoignages\/#primaryimage","url":"https:\/\/staging.feel-it-services.com\/wp-content\/plugins\/elementor\/assets\/images\/placeholder.png","contentUrl":"https:\/\/staging.feel-it-services.com\/wp-content\/plugins\/elementor\/assets\/images\/placeholder.png"},{"@type":"BreadcrumbList","@id":"https:\/\/staging.feel-it-services.com\/fr\/temoignages\/#breadcrumb","itemListElement":[{"@type":"ListItem","position":1,"name":"Accueil","item":"https:\/\/staging.feel-it-services.com\/fr\/accueil\/"},{"@type":"ListItem","position":2,"name":"T\u00e9moignages"}]},{"@type":"WebSite","@id":"https:\/\/staging.feel-it-services.com\/fr\/#website","url":"https:\/\/staging.feel-it-services.com\/fr\/","name":"Feel-IT services","description":"IT services you need","publisher":{"@id":"https:\/\/staging.feel-it-services.com\/fr\/#organization"},"potentialAction":[{"@type":"SearchAction","target":{"@type":"EntryPoint","urlTemplate":"https:\/\/staging.feel-it-services.com\/fr\/?s={search_term_string}"},"query-input":{"@type":"PropertyValueSpecification","valueRequired":true,"valueName":"search_term_string"}}],"inLanguage":"fr-FR"},{"@type":"Organization","@id":"https:\/\/staging.feel-it-services.com\/fr\/#organization","name":"Feel-IT services","url":"https:\/\/staging.feel-it-services.com\/fr\/","logo":{"@type":"ImageObject","inLanguage":"fr-FR","@id":"https:\/\/staging.feel-it-services.com\/fr\/#\/schema\/logo\/image\/","url":"https:\/\/staging.feel-it-services.com\/wp-content\/uploads\/2023\/04\/logo.png","contentUrl":"https:\/\/staging.feel-it-services.com\/wp-content\/uploads\/2023\/04\/logo.png","width":300,"height":121,"caption":"Feel-IT services"},"image":{"@id":"https:\/\/staging.feel-it-services.com\/fr\/#\/schema\/logo\/image\/"},"sameAs":["https:\/\/www.facebook.com\/FeelITServices\/","https:\/\/x.com\/FeelITServices","https:\/\/www.linkedin.com\/company\/feel-it-services\/","https:\/\/www.instagram.com\/feel_it_services\/"]}]}},"_links":{"self":[{"href":"https:\/\/staging.feel-it-services.com\/fr\/wp-json\/wp\/v2\/pages\/13933","targetHints":{"allow":["GET"]}}],"collection":[{"href":"https:\/\/staging.feel-it-services.com\/fr\/wp-json\/wp\/v2\/pages"}],"about":[{"href":"https:\/\/staging.feel-it-services.com\/fr\/wp-json\/wp\/v2\/types\/page"}],"author":[{"embeddable":true,"href":"https:\/\/staging.feel-it-services.com\/fr\/wp-json\/wp\/v2\/users\/4"}],"replies":[{"embeddable":true,"href":"https:\/\/staging.feel-it-services.com\/fr\/wp-json\/wp\/v2\/comments?post=13933"}],"version-history":[{"count":3,"href":"https:\/\/staging.feel-it-services.com\/fr\/wp-json\/wp\/v2\/pages\/13933\/revisions"}],"predecessor-version":[{"id":13936,"href":"https:\/\/staging.feel-it-services.com\/fr\/wp-json\/wp\/v2\/pages\/13933\/revisions\/13936"}],"wp:attachment":[{"href":"https:\/\/staging.feel-it-services.com\/fr\/wp-json\/wp\/v2\/media?parent=13933"}],"curies":[{"name":"wp","href":"https:\/\/api.w.org\/{rel}","templated":true}]}}