{"id":13876,"date":"2023-05-16T08:00:14","date_gmt":"2023-05-16T08:00:14","guid":{"rendered":"https:\/\/feel-it-services.com\/carrieres\/"},"modified":"2024-06-20T22:37:09","modified_gmt":"2024-06-20T22:37:09","slug":"nous-rejoindre","status":"publish","type":"page","link":"https:\/\/staging.feel-it-services.com\/fr\/nous-rejoindre\/","title":{"rendered":"Nous rejoindre"},"content":{"rendered":"\t\t<div data-elementor-type=\"wp-page\" data-elementor-id=\"13876\" class=\"elementor elementor-13876 elementor-6811\" data-elementor-post-type=\"page\">\n\t\t\t\t\t\t<section class=\"elementor-section elementor-top-section elementor-element elementor-element-a4d55bd ot-traditional elementor-section-boxed elementor-section-height-default elementor-section-height-default\" data-id=\"a4d55bd\" data-element_type=\"section\" data-e-type=\"section\">\n\t\t\t\t\t\t<div class=\"elementor-container elementor-column-gap-default\">\n\t\t\t\t\t<div class=\"elementor-column elementor-col-100 elementor-top-column elementor-element elementor-element-c9c2dfe ot-flex-column-vertical\" data-id=\"c9c2dfe\" data-element_type=\"column\" data-e-type=\"column\">\n\t\t\t<div class=\"elementor-widget-wrap elementor-element-populated\">\n\t\t\t\t\t\t<div class=\"elementor-element elementor-element-7b76f96 elementor-widget elementor-widget-text-editor\" data-id=\"7b76f96\" data-element_type=\"widget\" data-e-type=\"widget\" data-widget_type=\"text-editor.default\">\n\t\t\t\t<div class=\"elementor-widget-container\">\n\t\t\t\t\t\t\t\t\t\t<div class=\"awsm-job-wrap awsm-job-form-plugin-style\">\n\n\t\t<div class=\"awsm-filter-wrap\"><form action=\"https:\/\/staging.feel-it-services.com\/wp-admin\/admin-ajax.php\" method=\"POST\"><div class=\"awsm-filter-item-search\"><div class=\"awsm-filter-item-search-in\"><label for=\"awsm-jq-1\" class=\"awsm-sr-only\">Recherche<\/label><input type=\"text\" id=\"awsm-jq-1\" name=\"jq\" value=\"\" placeholder=\"Recherche\" class=\"awsm-job-search awsm-job-form-control\"><span class=\"awsm-job-search-btn awsm-job-search-icon-wrapper\"><i class=\"awsm-job-icon-search\"><\/i><\/span><span class=\"awsm-job-search-close-btn awsm-job-search-icon-wrapper awsm-job-hide\"><i class=\"awsm-job-icon-close-circle\"><\/i><\/span><\/div><\/div><input type=\"hidden\" name=\"lang\" value=\"fr\"><input type=\"hidden\" name=\"action\" value=\"jobfilter\"><\/form><\/div>\n\t\t<div class=\"awsm-job-listings awsm-lists\" data-listings=\"10\" data-lang=\"fr\">\n\t\t\t\t\t<div class=\"awsm-jobs-none-container\">\n\t\t\t\t<p>Nous n&rsquo;avons actuellement aucun poste \u00e0 pourvoir<\/p>\n\t\t\t<\/div>\n\t\t\t<\/div>\n\t<\/div>\n\n\n\n<p><\/p>\n\t\t\t\t\t\t\t\t<\/div>\n\t\t\t\t<\/div>\n\t\t\t\t\t<\/div>\n\t\t<\/div>\n\t\t\t\t\t<\/div>\n\t\t<\/section>\n\t\t\t\t<\/div>\n\t\t","protected":false},"excerpt":{"rendered":"","protected":false},"author":2,"featured_media":0,"parent":0,"menu_order":0,"comment_status":"closed","ping_status":"closed","template":"","meta":{"footnotes":""},"class_list":["post-13876","page","type-page","status-publish","hentry"],"yoast_head":"<!-- This site is optimized with the Yoast SEO plugin v27.3 - https:\/\/yoast.com\/product\/yoast-seo-wordpress\/ -->\n<title>Feel IT Services Careers - D\u00e9couvrez nos offres d&#039;emploi<\/title>\n<meta name=\"description\" content=\"Visitez cette page web pour en savoir plus sur les possibilit\u00e9s de carri\u00e8re qui s&#039;offrent \u00e0 vous chez Feel IT Services.\" \/>\n<meta name=\"robots\" content=\"noindex, follow, max-snippet:-1, max-image-preview:large, max-video-preview:-1\" \/>\n<meta property=\"og:locale\" content=\"fr_FR\" \/>\n<meta property=\"og:type\" content=\"article\" \/>\n<meta property=\"og:title\" content=\"Feel IT Services Careers - D\u00e9couvrez nos offres d&#039;emploi\" \/>\n<meta property=\"og:description\" content=\"Visitez cette page web pour en savoir plus sur les possibilit\u00e9s de carri\u00e8re qui s&#039;offrent \u00e0 vous chez Feel IT Services.\" \/>\n<meta property=\"og:url\" content=\"https:\/\/staging.feel-it-services.com\/fr\/nous-rejoindre\/\" \/>\n<meta property=\"og:site_name\" content=\"Feel-IT services\" \/>\n<meta property=\"article:publisher\" content=\"https:\/\/www.facebook.com\/FeelITServices\/\" \/>\n<meta property=\"article:modified_time\" content=\"2024-06-20T22:37:09+00:00\" \/>\n<meta name=\"twitter:card\" content=\"summary_large_image\" \/>\n<meta name=\"twitter:site\" content=\"@FeelITServices\" \/>\n<meta name=\"twitter:label1\" content=\"Dur\u00e9e de lecture estim\u00e9e\" \/>\n\t<meta name=\"twitter:data1\" content=\"1 minute\" \/>\n<script type=\"application\/ld+json\" class=\"yoast-schema-graph\">{\"@context\":\"https:\\\/\\\/schema.org\",\"@graph\":[{\"@type\":\"WebPage\",\"@id\":\"https:\\\/\\\/staging.feel-it-services.com\\\/fr\\\/nous-rejoindre\\\/\",\"url\":\"https:\\\/\\\/staging.feel-it-services.com\\\/fr\\\/nous-rejoindre\\\/\",\"name\":\"Feel IT Services Careers - D\u00e9couvrez nos offres d'emploi\",\"isPartOf\":{\"@id\":\"https:\\\/\\\/staging.feel-it-services.com\\\/fr\\\/#website\"},\"datePublished\":\"2023-05-16T08:00:14+00:00\",\"dateModified\":\"2024-06-20T22:37:09+00:00\",\"description\":\"Visitez cette page web pour en savoir plus sur les possibilit\u00e9s de carri\u00e8re qui s'offrent \u00e0 vous chez Feel IT Services.\",\"breadcrumb\":{\"@id\":\"https:\\\/\\\/staging.feel-it-services.com\\\/fr\\\/nous-rejoindre\\\/#breadcrumb\"},\"inLanguage\":\"fr-FR\",\"potentialAction\":[{\"@type\":\"ReadAction\",\"target\":[\"https:\\\/\\\/staging.feel-it-services.com\\\/fr\\\/nous-rejoindre\\\/\"]}]},{\"@type\":\"BreadcrumbList\",\"@id\":\"https:\\\/\\\/staging.feel-it-services.com\\\/fr\\\/nous-rejoindre\\\/#breadcrumb\",\"itemListElement\":[{\"@type\":\"ListItem\",\"position\":1,\"name\":\"Accueil\",\"item\":\"https:\\\/\\\/staging.feel-it-services.com\\\/fr\\\/accueil\\\/\"},{\"@type\":\"ListItem\",\"position\":2,\"name\":\"Nous rejoindre\"}]},{\"@type\":\"WebSite\",\"@id\":\"https:\\\/\\\/staging.feel-it-services.com\\\/fr\\\/#website\",\"url\":\"https:\\\/\\\/staging.feel-it-services.com\\\/fr\\\/\",\"name\":\"Feel-IT services\",\"description\":\"IT services you need\",\"publisher\":{\"@id\":\"https:\\\/\\\/staging.feel-it-services.com\\\/fr\\\/#organization\"},\"potentialAction\":[{\"@type\":\"SearchAction\",\"target\":{\"@type\":\"EntryPoint\",\"urlTemplate\":\"https:\\\/\\\/staging.feel-it-services.com\\\/fr\\\/?s={search_term_string}\"},\"query-input\":{\"@type\":\"PropertyValueSpecification\",\"valueRequired\":true,\"valueName\":\"search_term_string\"}}],\"inLanguage\":\"fr-FR\"},{\"@type\":\"Organization\",\"@id\":\"https:\\\/\\\/staging.feel-it-services.com\\\/fr\\\/#organization\",\"name\":\"Feel-IT services\",\"url\":\"https:\\\/\\\/staging.feel-it-services.com\\\/fr\\\/\",\"logo\":{\"@type\":\"ImageObject\",\"inLanguage\":\"fr-FR\",\"@id\":\"https:\\\/\\\/staging.feel-it-services.com\\\/fr\\\/#\\\/schema\\\/logo\\\/image\\\/\",\"url\":\"https:\\\/\\\/staging.feel-it-services.com\\\/wp-content\\\/uploads\\\/2023\\\/04\\\/logo.png\",\"contentUrl\":\"https:\\\/\\\/staging.feel-it-services.com\\\/wp-content\\\/uploads\\\/2023\\\/04\\\/logo.png\",\"width\":300,\"height\":121,\"caption\":\"Feel-IT services\"},\"image\":{\"@id\":\"https:\\\/\\\/staging.feel-it-services.com\\\/fr\\\/#\\\/schema\\\/logo\\\/image\\\/\"},\"sameAs\":[\"https:\\\/\\\/www.facebook.com\\\/FeelITServices\\\/\",\"https:\\\/\\\/x.com\\\/FeelITServices\",\"https:\\\/\\\/www.linkedin.com\\\/company\\\/feel-it-services\\\/\",\"https:\\\/\\\/www.instagram.com\\\/feel_it_services\\\/\"]}]}<\/script>\n<!-- \/ Yoast SEO plugin. -->","yoast_head_json":{"title":"Feel IT Services Careers - D\u00e9couvrez nos offres d'emploi","description":"Visitez cette page web pour en savoir plus sur les possibilit\u00e9s de carri\u00e8re qui s'offrent \u00e0 vous chez Feel IT Services.","robots":{"index":"noindex","follow":"follow","max-snippet":"max-snippet:-1","max-image-preview":"max-image-preview:large","max-video-preview":"max-video-preview:-1"},"og_locale":"fr_FR","og_type":"article","og_title":"Feel IT Services Careers - D\u00e9couvrez nos offres d'emploi","og_description":"Visitez cette page web pour en savoir plus sur les possibilit\u00e9s de carri\u00e8re qui s'offrent \u00e0 vous chez Feel IT Services.","og_url":"https:\/\/staging.feel-it-services.com\/fr\/nous-rejoindre\/","og_site_name":"Feel-IT services","article_publisher":"https:\/\/www.facebook.com\/FeelITServices\/","article_modified_time":"2024-06-20T22:37:09+00:00","twitter_card":"summary_large_image","twitter_site":"@FeelITServices","twitter_misc":{"Dur\u00e9e de lecture estim\u00e9e":"1 minute"},"schema":{"@context":"https:\/\/schema.org","@graph":[{"@type":"WebPage","@id":"https:\/\/staging.feel-it-services.com\/fr\/nous-rejoindre\/","url":"https:\/\/staging.feel-it-services.com\/fr\/nous-rejoindre\/","name":"Feel IT Services Careers - D\u00e9couvrez nos offres d'emploi","isPartOf":{"@id":"https:\/\/staging.feel-it-services.com\/fr\/#website"},"datePublished":"2023-05-16T08:00:14+00:00","dateModified":"2024-06-20T22:37:09+00:00","description":"Visitez cette page web pour en savoir plus sur les possibilit\u00e9s de carri\u00e8re qui s'offrent \u00e0 vous chez Feel IT Services.","breadcrumb":{"@id":"https:\/\/staging.feel-it-services.com\/fr\/nous-rejoindre\/#breadcrumb"},"inLanguage":"fr-FR","potentialAction":[{"@type":"ReadAction","target":["https:\/\/staging.feel-it-services.com\/fr\/nous-rejoindre\/"]}]},{"@type":"BreadcrumbList","@id":"https:\/\/staging.feel-it-services.com\/fr\/nous-rejoindre\/#breadcrumb","itemListElement":[{"@type":"ListItem","position":1,"name":"Accueil","item":"https:\/\/staging.feel-it-services.com\/fr\/accueil\/"},{"@type":"ListItem","position":2,"name":"Nous rejoindre"}]},{"@type":"WebSite","@id":"https:\/\/staging.feel-it-services.com\/fr\/#website","url":"https:\/\/staging.feel-it-services.com\/fr\/","name":"Feel-IT services","description":"IT services you need","publisher":{"@id":"https:\/\/staging.feel-it-services.com\/fr\/#organization"},"potentialAction":[{"@type":"SearchAction","target":{"@type":"EntryPoint","urlTemplate":"https:\/\/staging.feel-it-services.com\/fr\/?s={search_term_string}"},"query-input":{"@type":"PropertyValueSpecification","valueRequired":true,"valueName":"search_term_string"}}],"inLanguage":"fr-FR"},{"@type":"Organization","@id":"https:\/\/staging.feel-it-services.com\/fr\/#organization","name":"Feel-IT services","url":"https:\/\/staging.feel-it-services.com\/fr\/","logo":{"@type":"ImageObject","inLanguage":"fr-FR","@id":"https:\/\/staging.feel-it-services.com\/fr\/#\/schema\/logo\/image\/","url":"https:\/\/staging.feel-it-services.com\/wp-content\/uploads\/2023\/04\/logo.png","contentUrl":"https:\/\/staging.feel-it-services.com\/wp-content\/uploads\/2023\/04\/logo.png","width":300,"height":121,"caption":"Feel-IT services"},"image":{"@id":"https:\/\/staging.feel-it-services.com\/fr\/#\/schema\/logo\/image\/"},"sameAs":["https:\/\/www.facebook.com\/FeelITServices\/","https:\/\/x.com\/FeelITServices","https:\/\/www.linkedin.com\/company\/feel-it-services\/","https:\/\/www.instagram.com\/feel_it_services\/"]}]}},"_links":{"self":[{"href":"https:\/\/staging.feel-it-services.com\/fr\/wp-json\/wp\/v2\/pages\/13876","targetHints":{"allow":["GET"]}}],"collection":[{"href":"https:\/\/staging.feel-it-services.com\/fr\/wp-json\/wp\/v2\/pages"}],"about":[{"href":"https:\/\/staging.feel-it-services.com\/fr\/wp-json\/wp\/v2\/types\/page"}],"author":[{"embeddable":true,"href":"https:\/\/staging.feel-it-services.com\/fr\/wp-json\/wp\/v2\/users\/2"}],"replies":[{"embeddable":true,"href":"https:\/\/staging.feel-it-services.com\/fr\/wp-json\/wp\/v2\/comments?post=13876"}],"version-history":[{"count":12,"href":"https:\/\/staging.feel-it-services.com\/fr\/wp-json\/wp\/v2\/pages\/13876\/revisions"}],"predecessor-version":[{"id":15930,"href":"https:\/\/staging.feel-it-services.com\/fr\/wp-json\/wp\/v2\/pages\/13876\/revisions\/15930"}],"wp:attachment":[{"href":"https:\/\/staging.feel-it-services.com\/fr\/wp-json\/wp\/v2\/media?parent=13876"}],"curies":[{"name":"wp","href":"https:\/\/api.w.org\/{rel}","templated":true}]}}